{"id":17429,"date":"2026-01-09T10:22:50","date_gmt":"2026-01-09T10:22:50","guid":{"rendered":"https:\/\/demo.fairgate.pitsfc.co.in\/?page_id=17429"},"modified":"2026-01-20T13:21:53","modified_gmt":"2026-01-20T13:21:53","slug":"for-small-clubs","status":"publish","type":"page","link":"https:\/\/demo.fairgate.pitsfc.co.in\/de\/for-small-clubs\/","title":{"rendered":"For Small Clubs"},"content":{"rendered":"\t\t<div data-elementor-type=\"wp-page\" data-elementor-id=\"17429\" class=\"elementor elementor-17429\">\n\t\t\t\t<div class=\"elementor-element elementor-element-dff0327 e-flex e-con-boxed e-con e-parent\" data-id=\"dff0327\" data-element_type=\"container\" data-settings=\"{&quot;background_background&quot;:&quot;classic&quot;}\">\n\t\t\t\t\t<div class=\"e-con-inner\">\n\t\t<div class=\"elementor-element elementor-element-ee3fde8 e-con-full e-flex e-con e-child\" data-id=\"ee3fde8\" data-element_type=\"container\">\n\t\t\t\t<div class=\"elementor-element elementor-element-7ef6907 elementor-invisible elementor-widget elementor-widget-heading\" data-id=\"7ef6907\" data-element_type=\"widget\" data-settings=\"{&quot;_animation&quot;:&quot;slideInLeft&quot;,&quot;_animation_delay&quot;:300}\" data-widget_type=\"heading.default\">\n\t\t\t\t<div class=\"elementor-widget-container\">\n\t\t\t\t\t<h3 class=\"elementor-heading-title elementor-size-default\">Gute Arbeit mit wenigen Mitgliedern\n<\/h3>\t\t\t\t<\/div>\n\t\t\t\t<\/div>\n\t\t\t\t<div class=\"elementor-element elementor-element-8343f2b frgt-break-word elementor-invisible elementor-widget elementor-widget-heading\" data-id=\"8343f2b\" data-element_type=\"widget\" data-settings=\"{&quot;_animation&quot;:&quot;fadeInLeft&quot;,&quot;_animation_delay&quot;:300}\" data-widget_type=\"heading.default\">\n\t\t\t\t<div class=\"elementor-widget-container\">\n\t\t\t\t\t<h1 class=\"elementor-heading-title elementor-size-default\">Software f\u00fcr kleine Vereine<\/h1>\t\t\t\t<\/div>\n\t\t\t\t<\/div>\n\t\t\t\t<div class=\"elementor-element elementor-element-e188f4c elementor-invisible elementor-widget elementor-widget-text-editor\" data-id=\"e188f4c\" data-element_type=\"widget\" data-settings=\"{&quot;_animation&quot;:&quot;fadeInLeft&quot;,&quot;_animation_delay&quot;:300}\" data-widget_type=\"text-editor.default\">\n\t\t\t\t<div class=\"elementor-widget-container\">\n\t\t\t\t\t\t\t\t\t<p>Mit Fairgate verwalten kleine Vereine ihre Kontakte, Rechnungen und Website zentral und unkompliziert. Kostenfreie Kontaktverwaltung f\u00fcr bis zu 100 Mitglieder, leicht nutzbare Website und smarte Fakturierung \u2013 alles auf einer Plattform, damit mehr Zeit f\u00fcr den Sport bleibt.<\/p>\t\t\t\t\t\t\t\t<\/div>\n\t\t\t\t<\/div>\n\t\t<div class=\"elementor-element elementor-element-5faeca6 e-con-full frgt-cta-buttons e-flex elementor-invisible e-con e-child\" data-id=\"5faeca6\" data-element_type=\"container\" data-settings=\"{&quot;animation&quot;:&quot;slideInLeft&quot;,&quot;animation_delay&quot;:300}\">\n\t\t\t\t<div class=\"elementor-element elementor-element-438a091 elementor-align-center frgt-btn-skeu-shadow elementor-widget elementor-widget-button\" data-id=\"438a091\" data-element_type=\"widget\" data-widget_type=\"button.default\">\n\t\t\t\t<div class=\"elementor-widget-container\">\n\t\t\t\t\t\t\t\t\t<div class=\"elementor-button-wrapper\">\n\t\t\t\t\t<a class=\"elementor-button elementor-button-link elementor-size-sm\" href=\"#\">\n\t\t\t\t\t\t<span class=\"elementor-button-content-wrapper\">\n\t\t\t\t\t\t<span class=\"elementor-button-icon\">\n\t\t\t\t<svg xmlns=\"http:\/\/www.w3.org\/2000\/svg\" width=\"14\" height=\"17\" viewBox=\"0 0 14 17\" fill=\"none\"><path d=\"M0.833344 2.60029C0.833344 1.79099 0.833344 1.38633 1.00209 1.16328C1.14909 0.968951 1.37378 0.848701 1.61701 0.834178C1.89621 0.817508 2.2329 1.04197 2.90628 1.49089L11.6692 7.33287C12.2256 7.7038 12.5039 7.88927 12.6008 8.12304C12.6856 8.32742 12.6856 8.55711 12.6008 8.76149C12.5039 8.99526 12.2256 9.18073 11.6692 9.55167L2.90628 15.3936C2.2329 15.8426 1.89621 16.067 1.61701 16.0504C1.37378 16.0358 1.14909 15.9156 1.00209 15.7213C0.833344 15.4982 0.833344 15.0935 0.833344 14.2842V2.60029Z\" stroke=\"#DA291C\" stroke-width=\"1.66667\" stroke-linecap=\"round\" stroke-linejoin=\"round\"><\/path><\/svg>\t\t\t<\/span>\n\t\t\t\t\t\t\t\t\t<span class=\"elementor-button-text\">Watch Demo<\/span>\n\t\t\t\t\t<\/span>\n\t\t\t\t\t<\/a>\n\t\t\t\t<\/div>\n\t\t\t\t\t\t\t\t<\/div>\n\t\t\t\t<\/div>\n\t\t\t\t<div class=\"elementor-element elementor-element-fc256dc frgt-red-btn elementor-widget elementor-widget-button\" data-id=\"fc256dc\" data-element_type=\"widget\" data-widget_type=\"button.default\">\n\t\t\t\t<div class=\"elementor-widget-container\">\n\t\t\t\t\t\t\t\t\t<div class=\"elementor-button-wrapper\">\n\t\t\t\t\t<a class=\"elementor-button elementor-button-link elementor-size-sm\" href=\"#\">\n\t\t\t\t\t\t<span class=\"elementor-button-content-wrapper\">\n\t\t\t\t\t\t\t\t\t<span class=\"elementor-button-text\">Try it now for free!<\/span>\n\t\t\t\t\t<\/span>\n\t\t\t\t\t<\/a>\n\t\t\t\t<\/div>\n\t\t\t\t\t\t\t\t<\/div>\n\t\t\t\t<\/div>\n\t\t\t\t<\/div>\n\t\t\t\t<\/div>\n\t\t<div class=\"elementor-element elementor-element-bda1a78 e-con-full e-flex e-con e-child\" data-id=\"bda1a78\" data-element_type=\"container\">\n\t\t\t\t<div class=\"elementor-element elementor-element-cebb43e elementor-invisible elementor-widget elementor-widget-image\" data-id=\"cebb43e\" data-element_type=\"widget\" data-settings=\"{&quot;_animation&quot;:&quot;slideInRight&quot;,&quot;_animation_delay&quot;:300}\" data-widget_type=\"image.default\">\n\t\t\t\t<div class=\"elementor-widget-container\">\n\t\t\t\t\t\t\t\t\t\t\t\t\t\t\t<img fetchpriority=\"high\" decoding=\"async\" width=\"600\" height=\"544\" src=\"https:\/\/demo.fairgate.pitsfc.co.in\/wp-content\/uploads\/2025\/12\/freepik_edit_Candid-photography-with-natural-textures-and-highl-3.png\" class=\"attachment-large size-large wp-image-1615\" alt=\"Club administrators using Fairgate software \u2014 illustrating time savings\" srcset=\"https:\/\/demo.fairgate.pitsfc.co.in\/wp-content\/uploads\/2025\/12\/freepik_edit_Candid-photography-with-natural-textures-and-highl-3.png 600w, https:\/\/demo.fairgate.pitsfc.co.in\/wp-content\/uploads\/2025\/12\/freepik_edit_Candid-photography-with-natural-textures-and-highl-3-300x272.png 300w, https:\/\/demo.fairgate.pitsfc.co.in\/wp-content\/uploads\/2025\/12\/freepik_edit_Candid-photography-with-natural-textures-and-highl-3-110x100.png 110w, https:\/\/demo.fairgate.pitsfc.co.in\/wp-content\/uploads\/2025\/12\/freepik_edit_Candid-photography-with-natural-textures-and-highl-3-88x80.png 88w, https:\/\/demo.fairgate.pitsfc.co.in\/wp-content\/uploads\/2025\/12\/freepik_edit_Candid-photography-with-natural-textures-and-highl-3-334x303.png 334w\" sizes=\"(max-width: 600px) 100vw, 600px\" \/>\t\t\t\t\t\t\t\t\t\t\t\t\t\t\t<\/div>\n\t\t\t\t<\/div>\n\t\t\t\t<\/div>\n\t\t\t\t\t<\/div>\n\t\t\t\t<\/div>\n\t\t<div class=\"elementor-element elementor-element-4613b6a e-flex e-con-boxed e-con e-parent\" data-id=\"4613b6a\" data-element_type=\"container\" data-settings=\"{&quot;background_background&quot;:&quot;classic&quot;}\">\n\t\t\t\t\t<div class=\"e-con-inner\">\n\t\t<div class=\"elementor-element elementor-element-b56eb8d e-con-full e-flex e-con e-child\" data-id=\"b56eb8d\" data-element_type=\"container\">\n\t\t<div class=\"elementor-element elementor-element-231cc58 e-con-full e-flex e-con e-child\" data-id=\"231cc58\" data-element_type=\"container\">\n\t\t\t\t<div class=\"elementor-element elementor-element-f0156c7 elementor-widget elementor-widget-heading\" data-id=\"f0156c7\" data-element_type=\"widget\" data-widget_type=\"heading.default\">\n\t\t\t\t<div class=\"elementor-widget-container\">\n\t\t\t\t\t<h3 class=\"elementor-heading-title elementor-size-default\">Passt diese L\u00f6sung zu Ihrer Organisation?<\/h3>\t\t\t\t<\/div>\n\t\t\t\t<\/div>\n\t\t\t\t<div class=\"elementor-element elementor-element-676ba21 elementor-widget elementor-widget-text-editor\" data-id=\"676ba21\" data-element_type=\"widget\" data-widget_type=\"text-editor.default\">\n\t\t\t\t<div class=\"elementor-widget-container\">\n\t\t\t\t\t\t\t\t\t<div class=\"elementor-element elementor-element-fed2a8d elementor-widget elementor-widget-text-editor\" data-id=\"fed2a8d\" data-element_type=\"widget\" data-settings=\"{&quot;ekit_we_effect_on&quot;:&quot;none&quot;}\" data-widget_type=\"text-editor.default\"><div class=\"elementor-widget-container\"><p>Ob kleine Teams oder gro\u00dfe Strukturen \u2013 Fairgate unterst\u00fctzt Sie bei allen organisatorischen Aufgaben. Von der Kontaktverwaltung \u00fcber Teamkoordination bis hin zu flexibler Abrechnung: Alles l\u00e4uft zentral, effizient und einfach. So k\u00f6nnen Sie sich auf das Wesentliche konzentrieren \u2013 Ihre Mitglieder und Projekte.<\/p><\/div><\/div>\t\t\t\t\t\t\t\t<\/div>\n\t\t\t\t<\/div>\n\t\t\t\t<\/div>\n\t\t<div class=\"elementor-element elementor-element-06ef059 e-con-full frgt-cta-buttons e-flex e-con e-child\" data-id=\"06ef059\" data-element_type=\"container\">\n\t\t\t\t<div class=\"elementor-element elementor-element-27b53b1 elementor-align-center frgt-btn-skeu-shadow elementor-widget elementor-widget-button\" data-id=\"27b53b1\" data-element_type=\"widget\" data-widget_type=\"button.default\">\n\t\t\t\t<div class=\"elementor-widget-container\">\n\t\t\t\t\t\t\t\t\t<div class=\"elementor-button-wrapper\">\n\t\t\t\t\t<a class=\"elementor-button elementor-button-link elementor-size-sm\" href=\"#\">\n\t\t\t\t\t\t<span class=\"elementor-button-content-wrapper\">\n\t\t\t\t\t\t<span class=\"elementor-button-icon\">\n\t\t\t\t<svg xmlns=\"http:\/\/www.w3.org\/2000\/svg\" width=\"14\" height=\"17\" viewBox=\"0 0 14 17\" fill=\"none\"><path d=\"M0.833344 2.60029C0.833344 1.79099 0.833344 1.38633 1.00209 1.16328C1.14909 0.968951 1.37378 0.848701 1.61701 0.834178C1.89621 0.817508 2.2329 1.04197 2.90628 1.49089L11.6692 7.33287C12.2256 7.7038 12.5039 7.88927 12.6008 8.12304C12.6856 8.32742 12.6856 8.55711 12.6008 8.76149C12.5039 8.99526 12.2256 9.18073 11.6692 9.55167L2.90628 15.3936C2.2329 15.8426 1.89621 16.067 1.61701 16.0504C1.37378 16.0358 1.14909 15.9156 1.00209 15.7213C0.833344 15.4982 0.833344 15.0935 0.833344 14.2842V2.60029Z\" stroke=\"#DA291C\" stroke-width=\"1.66667\" stroke-linecap=\"round\" stroke-linejoin=\"round\"><\/path><\/svg>\t\t\t<\/span>\n\t\t\t\t\t\t\t\t\t<span class=\"elementor-button-text\">Watch Demo<\/span>\n\t\t\t\t\t<\/span>\n\t\t\t\t\t<\/a>\n\t\t\t\t<\/div>\n\t\t\t\t\t\t\t\t<\/div>\n\t\t\t\t<\/div>\n\t\t\t\t<div class=\"elementor-element elementor-element-d9d9a9f frgt-red-btn elementor-widget elementor-widget-button\" data-id=\"d9d9a9f\" data-element_type=\"widget\" data-widget_type=\"button.default\">\n\t\t\t\t<div class=\"elementor-widget-container\">\n\t\t\t\t\t\t\t\t\t<div class=\"elementor-button-wrapper\">\n\t\t\t\t\t<a class=\"elementor-button elementor-button-link elementor-size-sm\" href=\"#\">\n\t\t\t\t\t\t<span class=\"elementor-button-content-wrapper\">\n\t\t\t\t\t\t\t\t\t<span class=\"elementor-button-text\">Try it now for free!<\/span>\n\t\t\t\t\t<\/span>\n\t\t\t\t\t<\/a>\n\t\t\t\t<\/div>\n\t\t\t\t\t\t\t\t<\/div>\n\t\t\t\t<\/div>\n\t\t\t\t<\/div>\n\t\t\t\t<\/div>\n\t\t<div class=\"elementor-element elementor-element-4f36975 e-con-full e-grid frgt-products-grid e-con e-child\" data-id=\"4f36975\" data-element_type=\"container\">\n\t\t\t\t<div class=\"elementor-element elementor-element-de40acb elementor-widget elementor-widget-icon-box\" data-id=\"de40acb\" data-element_type=\"widget\" data-widget_type=\"icon-box.default\">\n\t\t\t\t<div class=\"elementor-widget-container\">\n\t\t\t\t\t\t\t<div class=\"elementor-icon-box-wrapper\">\n\n\t\t\t\n\t\t\t\t\t\t<div class=\"elementor-icon-box-content\">\n\n\t\t\t\t\t\t\t\t\t<h3 class=\"elementor-icon-box-title\">\n\t\t\t\t\t\t<span  >\n\t\t\t\t\t\t\t\u201cBrauchen wir das??\u201d\t\t\t\t\t\t<\/span>\n\t\t\t\t\t<\/h3>\n\t\t\t\t\n\t\t\t\t\t\t\t\t\t<p class=\"elementor-icon-box-description\">\n\t\t\t\t\t\tAuch Kleinvieh macht Mist. Gerade wenn man nicht Unmengen an Ehrenamtlichen zur Verf\u00fcgung hat, sollte die Verwaltung so wenig Arbeit wie m\u00f6glich machen. Mit Fairgate k\u00f6nnen Sie sich auf die Wesentlichen konzentrieren \u2013 die Kleinen und die Grossen.\t\t\t\t\t<\/p>\n\t\t\t\t\n\t\t\t<\/div>\n\t\t\t\n\t\t<\/div>\n\t\t\t\t\t\t<\/div>\n\t\t\t\t<\/div>\n\t\t\t\t<div class=\"elementor-element elementor-element-0752f07 elementor-widget elementor-widget-icon-box\" data-id=\"0752f07\" data-element_type=\"widget\" data-widget_type=\"icon-box.default\">\n\t\t\t\t<div class=\"elementor-widget-container\">\n\t\t\t\t\t\t\t<div class=\"elementor-icon-box-wrapper\">\n\n\t\t\t\n\t\t\t\t\t\t<div class=\"elementor-icon-box-content\">\n\n\t\t\t\t\t\t\t\t\t<h3 class=\"elementor-icon-box-title\">\n\t\t\t\t\t\t<span  >\n\t\t\t\t\t\t\t\u201cDas k\u00f6nnen wir uns nicht leisten.\u201d\t\t\t\t\t\t<\/span>\n\t\t\t\t\t<\/h3>\n\t\t\t\t\n\t\t\t\t\t\t\t\t\t<p class=\"elementor-icon-box-description\">\n\t\t\t\t\t\tKleine Vereine haben h\u00e4ufig keine gro\u00dfe Kasse. Daher ist unsere Kontaktverwaltung f\u00fcr bis zu 100 Kontakte kostenfrei.\t\t\t\t\t<\/p>\n\t\t\t\t\n\t\t\t<\/div>\n\t\t\t\n\t\t<\/div>\n\t\t\t\t\t\t<\/div>\n\t\t\t\t<\/div>\n\t\t\t\t<div class=\"elementor-element elementor-element-0dbb1ee elementor-widget elementor-widget-icon-box\" data-id=\"0dbb1ee\" data-element_type=\"widget\" data-widget_type=\"icon-box.default\">\n\t\t\t\t<div class=\"elementor-widget-container\">\n\t\t\t\t\t\t\t<div class=\"elementor-icon-box-wrapper\">\n\n\t\t\t\n\t\t\t\t\t\t<div class=\"elementor-icon-box-content\">\n\n\t\t\t\t\t\t\t\t\t<h3 class=\"elementor-icon-box-title\">\n\t\t\t\t\t\t<span  >\n\t\t\t\t\t\t\t\u201cWarum steht mein Kind noch nicht auf der Website?\u201d\t\t\t\t\t\t<\/span>\n\t\t\t\t\t<\/h3>\n\t\t\t\t\n\t\t\t\t\t\t\t\t\t<p class=\"elementor-icon-box-description\">\n\t\t\t\t\t\tDer Webmaster hat oft alle H\u00e4nde voll damit zu tun, die Kader der Teams zu aktualisieren. Daher erfolgt dies mit Fairgate automatisch aus der Kontaktverwaltung. Dann kann sich der Webmaster auf die wichtigen Dinge konzentrieren.\t\t\t\t\t<\/p>\n\t\t\t\t\n\t\t\t<\/div>\n\t\t\t\n\t\t<\/div>\n\t\t\t\t\t\t<\/div>\n\t\t\t\t<\/div>\n\t\t\t\t<div class=\"elementor-element elementor-element-ecc8038 elementor-widget elementor-widget-icon-box\" data-id=\"ecc8038\" data-element_type=\"widget\" data-widget_type=\"icon-box.default\">\n\t\t\t\t<div class=\"elementor-widget-container\">\n\t\t\t\t\t\t\t<div class=\"elementor-icon-box-wrapper\">\n\n\t\t\t\n\t\t\t\t\t\t<div class=\"elementor-icon-box-content\">\n\n\t\t\t\t\t\t\t\t\t<h3 class=\"elementor-icon-box-title\">\n\t\t\t\t\t\t<span  >\n\t\t\t\t\t\t\t\u201cAch, Sie sind umgezogen?\u201d\t\t\t\t\t\t<\/span>\n\t\t\t\t\t<\/h3>\n\t\t\t\t\n\t\t\t\t\t\t\t\t\t<p class=\"elementor-icon-box-description\">\n\t\t\t\t\t\tAdress\u00e4nderungen werden Ihnen selten zum passenden Zeitpunkt mitgeteilt. Daher k\u00f6nnen Sie auf Fairgate vom Smartphone zugreifen \u2013 direkt vor Ort.\t\t\t\t\t<\/p>\n\t\t\t\t\n\t\t\t<\/div>\n\t\t\t\n\t\t<\/div>\n\t\t\t\t\t\t<\/div>\n\t\t\t\t<\/div>\n\t\t\t\t<\/div>\n\t\t\t\t\t<\/div>\n\t\t\t\t<\/div>\n\t\t<div class=\"elementor-element elementor-element-71358f4 e-flex e-con-boxed e-con e-parent\" data-id=\"71358f4\" data-element_type=\"container\" data-settings=\"{&quot;background_background&quot;:&quot;classic&quot;}\">\n\t\t\t\t\t<div class=\"e-con-inner\">\n\t\t\t\t<div class=\"elementor-element elementor-element-8b70310 elementor-widget elementor-widget-heading\" data-id=\"8b70310\" data-element_type=\"widget\" data-widget_type=\"heading.default\">\n\t\t\t\t<div class=\"elementor-widget-container\">\n\t\t\t\t\t<p class=\"elementor-heading-title elementor-size-default\">All\u2019 unsere Kunden finden Sie hier<\/p>\t\t\t\t<\/div>\n\t\t\t\t<\/div>\n\t\t\t\t<div class=\"elementor-element elementor-element-557ca3d elementor-widget elementor-widget-heading\" data-id=\"557ca3d\" data-element_type=\"widget\" data-widget_type=\"heading.default\">\n\t\t\t\t<div class=\"elementor-widget-container\">\n\t\t\t\t\t<h3 class=\"elementor-heading-title elementor-size-default\">Eine kleine Auswahl unserer Kunden<\/h3>\t\t\t\t<\/div>\n\t\t\t\t<\/div>\n\t\t<div class=\"elementor-element elementor-element-33c30d0 e-grid e-con-full e-con e-child\" data-id=\"33c30d0\" data-element_type=\"container\">\n\t\t\t\t<div class=\"elementor-element elementor-element-b527225 elementor-widget elementor-widget-image\" data-id=\"b527225\" data-element_type=\"widget\" data-settings=\"{&quot;_animation&quot;:&quot;none&quot;}\" data-widget_type=\"image.default\">\n\t\t\t\t<div class=\"elementor-widget-container\">\n\t\t\t\t\t\t\t\t\t\t\t\t\t\t\t<img decoding=\"async\" width=\"120\" height=\"109\" src=\"https:\/\/demo.fairgate.pitsfc.co.in\/wp-content\/uploads\/2026\/01\/logonuevo.jpg\" class=\"attachment-large size-large wp-image-17431\" alt=\"\" srcset=\"https:\/\/demo.fairgate.pitsfc.co.in\/wp-content\/uploads\/2026\/01\/logonuevo.jpg 120w, https:\/\/demo.fairgate.pitsfc.co.in\/wp-content\/uploads\/2026\/01\/logonuevo-110x100.jpg 110w, https:\/\/demo.fairgate.pitsfc.co.in\/wp-content\/uploads\/2026\/01\/logonuevo-88x80.jpg 88w\" sizes=\"(max-width: 120px) 100vw, 120px\" \/>\t\t\t\t\t\t\t\t\t\t\t\t\t\t\t<\/div>\n\t\t\t\t<\/div>\n\t\t\t\t<div class=\"elementor-element elementor-element-455dd78 elementor-widget elementor-widget-image\" data-id=\"455dd78\" data-element_type=\"widget\" data-settings=\"{&quot;_animation&quot;:&quot;none&quot;}\" data-widget_type=\"image.default\">\n\t\t\t\t<div class=\"elementor-widget-container\">\n\t\t\t\t\t\t\t\t\t\t\t\t\t\t\t<img decoding=\"async\" width=\"200\" height=\"106\" src=\"https:\/\/demo.fairgate.pitsfc.co.in\/wp-content\/uploads\/2026\/01\/logo-csp-ow.jpg\" class=\"attachment-large size-large wp-image-17432\" alt=\"\" srcset=\"https:\/\/demo.fairgate.pitsfc.co.in\/wp-content\/uploads\/2026\/01\/logo-csp-ow.jpg 200w, https:\/\/demo.fairgate.pitsfc.co.in\/wp-content\/uploads\/2026\/01\/logo-csp-ow-189x100.jpg 189w, https:\/\/demo.fairgate.pitsfc.co.in\/wp-content\/uploads\/2026\/01\/logo-csp-ow-151x80.jpg 151w\" sizes=\"(max-width: 200px) 100vw, 200px\" \/>\t\t\t\t\t\t\t\t\t\t\t\t\t\t\t<\/div>\n\t\t\t\t<\/div>\n\t\t\t\t<div class=\"elementor-element elementor-element-f6ea5e0 elementor-widget elementor-widget-image\" data-id=\"f6ea5e0\" data-element_type=\"widget\" data-settings=\"{&quot;_animation&quot;:&quot;none&quot;}\" data-widget_type=\"image.default\">\n\t\t\t\t<div class=\"elementor-widget-container\">\n\t\t\t\t\t\t\t\t\t\t\t\t\t\t\t<img loading=\"lazy\" decoding=\"async\" width=\"191\" height=\"110\" src=\"https:\/\/demo.fairgate.pitsfc.co.in\/wp-content\/uploads\/2026\/01\/singlefreetime.png\" class=\"attachment-large size-large wp-image-17433\" alt=\"\" srcset=\"https:\/\/demo.fairgate.pitsfc.co.in\/wp-content\/uploads\/2026\/01\/singlefreetime.png 191w, https:\/\/demo.fairgate.pitsfc.co.in\/wp-content\/uploads\/2026\/01\/singlefreetime-174x100.png 174w, https:\/\/demo.fairgate.pitsfc.co.in\/wp-content\/uploads\/2026\/01\/singlefreetime-139x80.png 139w\" sizes=\"(max-width: 191px) 100vw, 191px\" \/>\t\t\t\t\t\t\t\t\t\t\t\t\t\t\t<\/div>\n\t\t\t\t<\/div>\n\t\t\t\t<\/div>\n\t\t\t\t\t<\/div>\n\t\t\t\t<\/div>\n\t\t<div class=\"elementor-element elementor-element-915e592 e-flex e-con-boxed e-con e-parent\" data-id=\"915e592\" data-element_type=\"container\" data-settings=\"{&quot;background_background&quot;:&quot;classic&quot;}\">\n\t\t\t\t\t<div class=\"e-con-inner\">\n\t\t\t\t<div class=\"elementor-element elementor-element-db36fb0 elementor-widget elementor-widget-heading\" data-id=\"db36fb0\" data-element_type=\"widget\" data-widget_type=\"heading.default\">\n\t\t\t\t<div class=\"elementor-widget-container\">\n\t\t\t\t\t<p class=\"elementor-heading-title elementor-size-default\">Beliebte Module f\u00fcr Organisationen<\/p>\t\t\t\t<\/div>\n\t\t\t\t<\/div>\n\t\t\t\t<div class=\"elementor-element elementor-element-5261d63 elementor-widget elementor-widget-heading\" data-id=\"5261d63\" data-element_type=\"widget\" data-widget_type=\"heading.default\">\n\t\t\t\t<div class=\"elementor-widget-container\">\n\t\t\t\t\t<h3 class=\"elementor-heading-title elementor-size-default\">Die wesentliche Module f\u00fcr kleine Vereine<\/h3>\t\t\t\t<\/div>\n\t\t\t\t<\/div>\n\t\t<div class=\"elementor-element elementor-element-53d3e6c e-grid e-con-full frgt-products-grid e-con e-child\" data-id=\"53d3e6c\" data-element_type=\"container\">\n\t\t\t\t<div class=\"elementor-element elementor-element-9dac588 elementor-view-framed elementor-shape-square e-transform elementor-position-top elementor-mobile-position-top elementor-widget elementor-widget-icon-box\" data-id=\"9dac588\" data-element_type=\"widget\" data-settings=\"{&quot;_transform_scale_effect_hover&quot;:{&quot;unit&quot;:&quot;px&quot;,&quot;size&quot;:0.9,&quot;sizes&quot;:[]},&quot;_transform_scale_effect_hover_tablet&quot;:{&quot;unit&quot;:&quot;px&quot;,&quot;size&quot;:&quot;&quot;,&quot;sizes&quot;:[]},&quot;_transform_scale_effect_hover_mobile&quot;:{&quot;unit&quot;:&quot;px&quot;,&quot;size&quot;:&quot;&quot;,&quot;sizes&quot;:[]}}\" data-widget_type=\"icon-box.default\">\n\t\t\t\t<div class=\"elementor-widget-container\">\n\t\t\t\t\t\t\t<div class=\"elementor-icon-box-wrapper\">\n\n\t\t\t\t\t\t<div class=\"elementor-icon-box-icon\">\n\t\t\t\t<a href=\"https:\/\/demo.fairgate.pitsfc.co.in\/member-management\/\" class=\"elementor-icon\" tabindex=\"-1\" aria-label=\"Kostenfreie Kontaktverwaltung\">\n\t\t\t\t<i aria-hidden=\"true\" class=\"fas fa-users-cog\"><\/i>\t\t\t\t<\/a>\n\t\t\t<\/div>\n\t\t\t\n\t\t\t\t\t\t<div class=\"elementor-icon-box-content\">\n\n\t\t\t\t\t\t\t\t\t<h3 class=\"elementor-icon-box-title\">\n\t\t\t\t\t\t<a href=\"https:\/\/demo.fairgate.pitsfc.co.in\/member-management\/\" >\n\t\t\t\t\t\t\tKostenfreie Kontaktverwaltung\t\t\t\t\t\t<\/a>\n\t\t\t\t\t<\/h3>\n\t\t\t\t\n\t\t\t\t\t\t\t\t\t<p class=\"elementor-icon-box-description\">\n\t\t\t\t\t\tDie Fairgate-Kontaktverwaltung erm\u00f6glicht Ihnen, alle f\u00fcr Sie relevanten Daten zu erfassen: Haushaltsverbindungen, Teams, Arbeitsgruppen, Verg\u00fcnstigungen, Funktionen\u2026 und das kostenfrei f\u00fcr bis zu 100 Kontakten, inkl. E-Mailversand.\t\t\t\t\t<\/p>\n\t\t\t\t\n\t\t\t<\/div>\n\t\t\t\n\t\t<\/div>\n\t\t\t\t\t\t<\/div>\n\t\t\t\t<\/div>\n\t\t\t\t<div class=\"elementor-element elementor-element-3b1f958 elementor-view-framed elementor-shape-square e-transform elementor-position-top elementor-mobile-position-top elementor-widget elementor-widget-icon-box\" data-id=\"3b1f958\" data-element_type=\"widget\" data-settings=\"{&quot;_transform_scale_effect_hover&quot;:{&quot;unit&quot;:&quot;px&quot;,&quot;size&quot;:0.9,&quot;sizes&quot;:[]},&quot;_transform_scale_effect_hover_tablet&quot;:{&quot;unit&quot;:&quot;px&quot;,&quot;size&quot;:&quot;&quot;,&quot;sizes&quot;:[]},&quot;_transform_scale_effect_hover_mobile&quot;:{&quot;unit&quot;:&quot;px&quot;,&quot;size&quot;:&quot;&quot;,&quot;sizes&quot;:[]}}\" data-widget_type=\"icon-box.default\">\n\t\t\t\t<div class=\"elementor-widget-container\">\n\t\t\t\t\t\t\t<div class=\"elementor-icon-box-wrapper\">\n\n\t\t\t\t\t\t<div class=\"elementor-icon-box-icon\">\n\t\t\t\t<a href=\"https:\/\/demo.fairgate.pitsfc.co.in\/website\/\" class=\"elementor-icon\" tabindex=\"-1\" aria-label=\"Leicht nutzbare Website\">\n\t\t\t\t<i aria-hidden=\"true\" class=\"fas fa-globe\"><\/i>\t\t\t\t<\/a>\n\t\t\t<\/div>\n\t\t\t\n\t\t\t\t\t\t<div class=\"elementor-icon-box-content\">\n\n\t\t\t\t\t\t\t\t\t<h3 class=\"elementor-icon-box-title\">\n\t\t\t\t\t\t<a href=\"https:\/\/demo.fairgate.pitsfc.co.in\/website\/\" >\n\t\t\t\t\t\t\tLeicht nutzbare Website\t\t\t\t\t\t<\/a>\n\t\t\t\t\t<\/h3>\n\t\t\t\t\n\t\t\t\t\t\t\t\t\t<p class=\"elementor-icon-box-description\">\n\t\t\t\t\t\tDas Fairgate-CMS ist nicht nur einfach genug, um von ehrenamtlichen Webmastern ohne Webdesign-Erfahrung erstellt und gepflegt zu werden, sondern bietet auch alles, was eine moderne Webseite ausmacht. Inklusive Responsiv Design.\t\t\t\t\t<\/p>\n\t\t\t\t\n\t\t\t<\/div>\n\t\t\t\n\t\t<\/div>\n\t\t\t\t\t\t<\/div>\n\t\t\t\t<\/div>\n\t\t\t\t<div class=\"elementor-element elementor-element-ee57acb elementor-view-framed elementor-shape-square e-transform elementor-position-top elementor-mobile-position-top elementor-widget elementor-widget-icon-box\" data-id=\"ee57acb\" data-element_type=\"widget\" data-settings=\"{&quot;_transform_scale_effect_hover&quot;:{&quot;unit&quot;:&quot;px&quot;,&quot;size&quot;:0.9,&quot;sizes&quot;:[]},&quot;_transform_scale_effect_hover_tablet&quot;:{&quot;unit&quot;:&quot;px&quot;,&quot;size&quot;:&quot;&quot;,&quot;sizes&quot;:[]},&quot;_transform_scale_effect_hover_mobile&quot;:{&quot;unit&quot;:&quot;px&quot;,&quot;size&quot;:&quot;&quot;,&quot;sizes&quot;:[]}}\" data-widget_type=\"icon-box.default\">\n\t\t\t\t<div class=\"elementor-widget-container\">\n\t\t\t\t\t\t\t<div class=\"elementor-icon-box-wrapper\">\n\n\t\t\t\t\t\t<div class=\"elementor-icon-box-icon\">\n\t\t\t\t<a href=\"https:\/\/demo.fairgate.pitsfc.co.in\/finance-and-invoicing\/\" class=\"elementor-icon\" tabindex=\"-1\" aria-label=\"Rechnungserstellung\">\n\t\t\t\t<i aria-hidden=\"true\" class=\"far fa-credit-card\"><\/i>\t\t\t\t<\/a>\n\t\t\t<\/div>\n\t\t\t\n\t\t\t\t\t\t<div class=\"elementor-icon-box-content\">\n\n\t\t\t\t\t\t\t\t\t<h3 class=\"elementor-icon-box-title\">\n\t\t\t\t\t\t<a href=\"https:\/\/demo.fairgate.pitsfc.co.in\/finance-and-invoicing\/\" >\n\t\t\t\t\t\t\tRechnungserstellung\t\t\t\t\t\t<\/a>\n\t\t\t\t\t<\/h3>\n\t\t\t\t\n\t\t\t\t\t\t\t\t\t<p class=\"elementor-icon-box-description\">\n\t\t\t\t\t\tUnsere Fakturierung kann fast alles. Besonders erw\u00e4hnenswert, zusammengefasste Rechnungen f\u00fcr Haushalte. Auch die Zahlungseing\u00e4nge k\u00f6nnen einfach per xml-file eingelesen werden, inkl. Verbuchung in der integrierten Finanzbuchhaltung\t\t\t\t\t<\/p>\n\t\t\t\t\n\t\t\t<\/div>\n\t\t\t\n\t\t<\/div>\n\t\t\t\t\t\t<\/div>\n\t\t\t\t<\/div>\n\t\t\t\t<\/div>\n\t\t\t\t\t<\/div>\n\t\t\t\t<\/div>\n\t\t\t\t<\/div>\n\t\t","protected":false},"excerpt":{"rendered":"<p>Gute Arbeit mit wenigen Mitgliedern Software f\u00fcr kleine Vereine Mit Fairgate verwalten kleine Vereine ihre Kontakte, Rechnungen und Website zentral und unkompliziert. Kostenfreie Kontaktverwaltung f\u00fcr bis zu 100 Mitglieder, leicht nutzbare Website und smarte Fakturierung \u2013 alles auf einer Plattform, &hellip; <a href=\"https:\/\/demo.fairgate.pitsfc.co.in\/de\/for-small-clubs\/\">Read More<\/a><\/p>\n","protected":false},"author":1,"featured_media":0,"parent":0,"menu_order":0,"comment_status":"closed","ping_status":"closed","template":"","meta":{"footnotes":""},"class_list":["post-17429","page","type-page","status-publish","hentry"],"_links":{"self":[{"href":"https:\/\/demo.fairgate.pitsfc.co.in\/de\/wp-json\/wp\/v2\/pages\/17429","targetHints":{"allow":["GET"]}}],"collection":[{"href":"https:\/\/demo.fairgate.pitsfc.co.in\/de\/wp-json\/wp\/v2\/pages"}],"about":[{"href":"https:\/\/demo.fairgate.pitsfc.co.in\/de\/wp-json\/wp\/v2\/types\/page"}],"author":[{"embeddable":true,"href":"https:\/\/demo.fairgate.pitsfc.co.in\/de\/wp-json\/wp\/v2\/users\/1"}],"replies":[{"embeddable":true,"href":"https:\/\/demo.fairgate.pitsfc.co.in\/de\/wp-json\/wp\/v2\/comments?post=17429"}],"version-history":[{"count":40,"href":"https:\/\/demo.fairgate.pitsfc.co.in\/de\/wp-json\/wp\/v2\/pages\/17429\/revisions"}],"predecessor-version":[{"id":18648,"href":"https:\/\/demo.fairgate.pitsfc.co.in\/de\/wp-json\/wp\/v2\/pages\/17429\/revisions\/18648"}],"wp:attachment":[{"href":"https:\/\/demo.fairgate.pitsfc.co.in\/de\/wp-json\/wp\/v2\/media?parent=17429"}],"curies":[{"name":"wp","href":"https:\/\/api.w.org\/{rel}","templated":true}]}}